{"id":2668,"date":"2019-06-19T16:06:43","date_gmt":"2019-06-19T16:06:43","guid":{"rendered":"http:\/\/eichingerequipment.co.uk\/?post_type=product&#038;p=2668"},"modified":"2025-11-26T13:16:58","modified_gmt":"2025-11-26T13:16:58","slug":"1016-radio-control-skip","status":"publish","type":"product","link":"https:\/\/eichingerequipment.co.uk\/index.php\/product\/1016-radio-control-skip\/","title":{"rendered":"1016 | Radio Control Skip | SAFE Range"},"content":{"rendered":"<div class=\"fusion-fullwidth fullwidth-box fusion-builder-row-1 fusion-flex-container nonhundred-percent-fullwidth non-hundred-percent-height-scrolling\" style=\"--awb-border-radius-top-left:0px;--awb-border-radius-top-right:0px;--awb-border-radius-bottom-right:0px;--awb-border-radius-bottom-left:0px;--awb-flex-wrap:wrap;\" ><div class=\"fusion-builder-row fusion-row fusion-flex-align-items-flex-start fusion-flex-content-wrap\" style=\"max-width:1196px;margin-left: calc(-4% \/ 2 );margin-right: calc(-4% \/ 2 );\"><div class=\"fusion-layout-column fusion_builder_column fusion-builder-column-0 fusion_builder_column_1_1 1_1 fusion-flex-column\" style=\"--awb-bg-size:cover;--awb-width-large:100%;--awb-margin-top-large:0px;--awb-spacing-right-large:1.92%;--awb-margin-bottom-large:0px;--awb-spacing-left-large:1.92%;--awb-width-medium:100%;--awb-spacing-right-medium:1.92%;--awb-spacing-left-medium:1.92%;--awb-width-small:100%;--awb-spacing-right-small:1.92%;--awb-spacing-left-small:1.92%;\"><div class=\"fusion-column-wrapper fusion-flex-justify-content-flex-start fusion-content-layout-column\"><div class=\"fusion-text fusion-text-1\"><p>Designed to keep site operatives away from the discharge zone.\u00a0 The 1016 has a straight outlet with hose coupling, welded on tested chain or lifting beam.<\/p>\n<p>Commands for opening and closing the discharge valves and for the external vibrator are given by means of a radio control system with a range of 80m.\u00a0 The opening mechanism is operated via a hydraulic cylinder, a hydraulic unit and a battery with charger.<\/p>\n<p>The 1016 conforms with official labour safety regulations. Safety requirements,such as automatic closing of the valve in the event of malfunctions or range violations,are met.<\/p>\n<p>Optional: rubber hose \u00d8150, \u00d8200 or \u00d8300mm.<br \/>\nOptional: with external vibrator.<\/p>\n<\/div><\/div><\/div><\/div><\/div>\n","protected":false},"excerpt":{"rendered":"<p>Designed to keep site operatives away from the discharge zone.\u00a0 The 1016 has a straight outlet with hose coupling, welded on tested chain or lifting beam.<\/p>\n<p>Commands for opening and closing the discharge valves and for the external vibrator are given by means of a radio control system with a range of 80m.\u00a0 The opening mechanism is operated via a hydraulic cylinder, a hydraulic unit and a battery with charger.<\/p>\n<p>The 1016 conforms with official labour safety regulations. Safety requirements,such as automatic closing of the valve in the event of malfunctions or range violations,are met.<\/p>\n<p>Optional: rubber hose \u00d8150, \u00d8200 or \u00d8300mm.<br \/>\nOptional: with external vibrator.<\/p>\n[fusion_button link=\"https:\/\/eichingerequipment.co.uk\/wp-content\/uploads\/1016-Radio-Control-Column-Skip.pdf\" title=\"\" target=\"_blank\" link_attributes=\"\" alignment=\"\" modal=\"\" hide_on_mobile=\"small-visibility,medium-visibility,large-visibility\" class=\"\" id=\"\" color=\"default\" button_gradient_top_color=\"\" button_gradient_bottom_color=\"\" button_gradient_top_color_hover=\"\" button_gradient_bottom_color_hover=\"\" accent_color=\"\" accent_hover_color=\"\" type=\"\" bevel_color=\"\" border_width=\"\" size=\"\" stretch=\"default\" shape=\"\" icon=\"fa-download\" icon_position=\"right\" icon_divider=\"no\" animation_type=\"\" animation_direction=\"left\" animation_speed=\"0.3\" animation_offset=\"\"]Download Spec &amp; Safe Use Sheet[\/fusion_button]\n","protected":false},"featured_media":2669,"template":"","meta":[],"product_brand":[],"product_cat":[69,932],"product_tag":[153,152,148,101,112,151,155,149,150,127,154,146,89,82,147],"class_list":{"0":"post-2668","1":"product","2":"type-product","3":"status-publish","4":"has-post-thumbnail","6":"product_cat-concrete-skips","7":"product_cat-safe","8":"product_tag-150mm","9":"product_tag-200mm","10":"product_tag-column","11":"product_tag-concrete","12":"product_tag-crane","13":"product_tag-dischage","14":"product_tag-flat","15":"product_tag-formwork","16":"product_tag-hopper","17":"product_tag-hose","18":"product_tag-lay","19":"product_tag-levered","20":"product_tag-skip","21":"product_tag-tremmie","22":"product_tag-trunk","24":"first","25":"instock","26":"featured","27":"shipping-taxable","28":"product-type-simple"},"yoast_head":"<!-- This site is optimized with the Yoast SEO plugin v27.4 - https:\/\/yoast.com\/product\/yoast-seo-wordpress\/ -->\n<title>1016 | Radio Control Skip | SAFE Range | Eichinger Equipment<\/title>\n<meta name=\"description\" content=\"Specifically designed to keep site operatives away from the discharge zone. The 1016 has a remote control gate is part of our SAFE range.\" \/>\n<meta name=\"robots\" content=\"index, follow, max-snippet:-1, max-image-preview:large, max-video-preview:-1\" \/>\n<link rel=\"canonical\" href=\"https:\/\/eichingerequipment.co.uk\/index.php\/product\/1016-radio-control-skip\/\" \/>\n<meta property=\"og:locale\" content=\"en_GB\" \/>\n<meta property=\"og:type\" content=\"article\" \/>\n<meta property=\"og:title\" content=\"1016 | Radio Control Skip | SAFE Range | Eichinger Equipment\" \/>\n<meta property=\"og:description\" content=\"Specifically designed to keep site operatives away from the discharge zone. The 1016 has a remote control gate is part of our SAFE range.\" \/>\n<meta property=\"og:url\" content=\"https:\/\/eichingerequipment.co.uk\/index.php\/product\/1016-radio-control-skip\/\" \/>\n<meta property=\"og:site_name\" content=\"Eichinger Equipment\" \/>\n<meta property=\"article:publisher\" content=\"https:\/\/www.facebook.com\/eichingerequipment\/\" \/>\n<meta property=\"article:modified_time\" content=\"2025-11-26T13:16:58+00:00\" \/>\n<meta property=\"og:image\" content=\"https:\/\/eichingerequipment.co.uk\/wp-content\/uploads\/2019\/06\/1016-Radio-Control-Skip.png\" \/>\n\t<meta property=\"og:image:width\" content=\"1000\" \/>\n\t<meta property=\"og:image:height\" content=\"1000\" \/>\n\t<meta property=\"og:image:type\" content=\"image\/png\" \/>\n<meta name=\"twitter:card\" content=\"summary_large_image\" \/>\n<meta name=\"twitter:site\" content=\"@EichingerUK\" \/>\n<meta name=\"twitter:label1\" content=\"Estimated reading time\" \/>\n\t<meta name=\"twitter:data1\" content=\"1 minute\" \/>\n<script type=\"application\/ld+json\" class=\"yoast-schema-graph\">{\"@context\":\"https:\\\/\\\/schema.org\",\"@graph\":[{\"@type\":\"WebPage\",\"@id\":\"https:\\\/\\\/eichingerequipment.co.uk\\\/index.php\\\/product\\\/1016-radio-control-skip\\\/\",\"url\":\"https:\\\/\\\/eichingerequipment.co.uk\\\/index.php\\\/product\\\/1016-radio-control-skip\\\/\",\"name\":\"1016 | Radio Control Skip | SAFE Range | Eichinger Equipment\",\"isPartOf\":{\"@id\":\"https:\\\/\\\/eichingerequipment.co.uk\\\/#website\"},\"primaryImageOfPage\":{\"@id\":\"https:\\\/\\\/eichingerequipment.co.uk\\\/index.php\\\/product\\\/1016-radio-control-skip\\\/#primaryimage\"},\"image\":{\"@id\":\"https:\\\/\\\/eichingerequipment.co.uk\\\/index.php\\\/product\\\/1016-radio-control-skip\\\/#primaryimage\"},\"thumbnailUrl\":\"https:\\\/\\\/eichingerequipment.co.uk\\\/wp-content\\\/uploads\\\/2019\\\/06\\\/1016-Radio-Control-Skip.png\",\"datePublished\":\"2019-06-19T16:06:43+00:00\",\"dateModified\":\"2025-11-26T13:16:58+00:00\",\"description\":\"Specifically designed to keep site operatives away from the discharge zone. The 1016 has a remote control gate is part of our SAFE range.\",\"breadcrumb\":{\"@id\":\"https:\\\/\\\/eichingerequipment.co.uk\\\/index.php\\\/product\\\/1016-radio-control-skip\\\/#breadcrumb\"},\"inLanguage\":\"en-GB\",\"potentialAction\":[{\"@type\":\"ReadAction\",\"target\":[\"https:\\\/\\\/eichingerequipment.co.uk\\\/index.php\\\/product\\\/1016-radio-control-skip\\\/\"]}]},{\"@type\":\"ImageObject\",\"inLanguage\":\"en-GB\",\"@id\":\"https:\\\/\\\/eichingerequipment.co.uk\\\/index.php\\\/product\\\/1016-radio-control-skip\\\/#primaryimage\",\"url\":\"https:\\\/\\\/eichingerequipment.co.uk\\\/wp-content\\\/uploads\\\/2019\\\/06\\\/1016-Radio-Control-Skip.png\",\"contentUrl\":\"https:\\\/\\\/eichingerequipment.co.uk\\\/wp-content\\\/uploads\\\/2019\\\/06\\\/1016-Radio-Control-Skip.png\",\"width\":1000,\"height\":1000,\"caption\":\"1016 Radio Control Skip\"},{\"@type\":\"BreadcrumbList\",\"@id\":\"https:\\\/\\\/eichingerequipment.co.uk\\\/index.php\\\/product\\\/1016-radio-control-skip\\\/#breadcrumb\",\"itemListElement\":[{\"@type\":\"ListItem\",\"position\":1,\"name\":\"Home\",\"item\":\"https:\\\/\\\/eichingerequipment.co.uk\\\/\"},{\"@type\":\"ListItem\",\"position\":2,\"name\":\"Equipment\",\"item\":\"https:\\\/\\\/eichingerequipment.co.uk\\\/index.php\\\/equipment\\\/\"},{\"@type\":\"ListItem\",\"position\":3,\"name\":\"1016 | Radio Control Skip | SAFE Range\"}]},{\"@type\":\"WebSite\",\"@id\":\"https:\\\/\\\/eichingerequipment.co.uk\\\/#website\",\"url\":\"https:\\\/\\\/eichingerequipment.co.uk\\\/\",\"name\":\"Eichinger Equipment\",\"description\":\"Crane &amp; Forklift Attachments for Hire &amp; Sale\",\"potentialAction\":[{\"@type\":\"SearchAction\",\"target\":{\"@type\":\"EntryPoint\",\"urlTemplate\":\"https:\\\/\\\/eichingerequipment.co.uk\\\/?s={search_term_string}\"},\"query-input\":{\"@type\":\"PropertyValueSpecification\",\"valueRequired\":true,\"valueName\":\"search_term_string\"}}],\"inLanguage\":\"en-GB\"}]}<\/script>\n<!-- \/ Yoast SEO plugin. -->","yoast_head_json":{"title":"1016 | Radio Control Skip | SAFE Range | Eichinger Equipment","description":"Specifically designed to keep site operatives away from the discharge zone. The 1016 has a remote control gate is part of our SAFE range.","robots":{"index":"index","follow":"follow","max-snippet":"max-snippet:-1","max-image-preview":"max-image-preview:large","max-video-preview":"max-video-preview:-1"},"canonical":"https:\/\/eichingerequipment.co.uk\/index.php\/product\/1016-radio-control-skip\/","og_locale":"en_GB","og_type":"article","og_title":"1016 | Radio Control Skip | SAFE Range | Eichinger Equipment","og_description":"Specifically designed to keep site operatives away from the discharge zone. The 1016 has a remote control gate is part of our SAFE range.","og_url":"https:\/\/eichingerequipment.co.uk\/index.php\/product\/1016-radio-control-skip\/","og_site_name":"Eichinger Equipment","article_publisher":"https:\/\/www.facebook.com\/eichingerequipment\/","article_modified_time":"2025-11-26T13:16:58+00:00","og_image":[{"width":1000,"height":1000,"url":"https:\/\/eichingerequipment.co.uk\/wp-content\/uploads\/2019\/06\/1016-Radio-Control-Skip.png","type":"image\/png"}],"twitter_card":"summary_large_image","twitter_site":"@EichingerUK","twitter_misc":{"Estimated reading time":"1 minute"},"schema":{"@context":"https:\/\/schema.org","@graph":[{"@type":"WebPage","@id":"https:\/\/eichingerequipment.co.uk\/index.php\/product\/1016-radio-control-skip\/","url":"https:\/\/eichingerequipment.co.uk\/index.php\/product\/1016-radio-control-skip\/","name":"1016 | Radio Control Skip | SAFE Range | Eichinger Equipment","isPartOf":{"@id":"https:\/\/eichingerequipment.co.uk\/#website"},"primaryImageOfPage":{"@id":"https:\/\/eichingerequipment.co.uk\/index.php\/product\/1016-radio-control-skip\/#primaryimage"},"image":{"@id":"https:\/\/eichingerequipment.co.uk\/index.php\/product\/1016-radio-control-skip\/#primaryimage"},"thumbnailUrl":"https:\/\/eichingerequipment.co.uk\/wp-content\/uploads\/2019\/06\/1016-Radio-Control-Skip.png","datePublished":"2019-06-19T16:06:43+00:00","dateModified":"2025-11-26T13:16:58+00:00","description":"Specifically designed to keep site operatives away from the discharge zone. The 1016 has a remote control gate is part of our SAFE range.","breadcrumb":{"@id":"https:\/\/eichingerequipment.co.uk\/index.php\/product\/1016-radio-control-skip\/#breadcrumb"},"inLanguage":"en-GB","potentialAction":[{"@type":"ReadAction","target":["https:\/\/eichingerequipment.co.uk\/index.php\/product\/1016-radio-control-skip\/"]}]},{"@type":"ImageObject","inLanguage":"en-GB","@id":"https:\/\/eichingerequipment.co.uk\/index.php\/product\/1016-radio-control-skip\/#primaryimage","url":"https:\/\/eichingerequipment.co.uk\/wp-content\/uploads\/2019\/06\/1016-Radio-Control-Skip.png","contentUrl":"https:\/\/eichingerequipment.co.uk\/wp-content\/uploads\/2019\/06\/1016-Radio-Control-Skip.png","width":1000,"height":1000,"caption":"1016 Radio Control Skip"},{"@type":"BreadcrumbList","@id":"https:\/\/eichingerequipment.co.uk\/index.php\/product\/1016-radio-control-skip\/#breadcrumb","itemListElement":[{"@type":"ListItem","position":1,"name":"Home","item":"https:\/\/eichingerequipment.co.uk\/"},{"@type":"ListItem","position":2,"name":"Equipment","item":"https:\/\/eichingerequipment.co.uk\/index.php\/equipment\/"},{"@type":"ListItem","position":3,"name":"1016 | Radio Control Skip | SAFE Range"}]},{"@type":"WebSite","@id":"https:\/\/eichingerequipment.co.uk\/#website","url":"https:\/\/eichingerequipment.co.uk\/","name":"Eichinger Equipment","description":"Crane &amp; Forklift Attachments for Hire &amp; Sale","potentialAction":[{"@type":"SearchAction","target":{"@type":"EntryPoint","urlTemplate":"https:\/\/eichingerequipment.co.uk\/?s={search_term_string}"},"query-input":{"@type":"PropertyValueSpecification","valueRequired":true,"valueName":"search_term_string"}}],"inLanguage":"en-GB"}]}},"_links":{"self":[{"href":"https:\/\/eichingerequipment.co.uk\/index.php\/wp-json\/wp\/v2\/product\/2668","targetHints":{"allow":["GET"]}}],"collection":[{"href":"https:\/\/eichingerequipment.co.uk\/index.php\/wp-json\/wp\/v2\/product"}],"about":[{"href":"https:\/\/eichingerequipment.co.uk\/index.php\/wp-json\/wp\/v2\/types\/product"}],"wp:featuredmedia":[{"embeddable":true,"href":"https:\/\/eichingerequipment.co.uk\/index.php\/wp-json\/wp\/v2\/media\/2669"}],"wp:attachment":[{"href":"https:\/\/eichingerequipment.co.uk\/index.php\/wp-json\/wp\/v2\/media?parent=2668"}],"wp:term":[{"taxonomy":"product_brand","embeddable":true,"href":"https:\/\/eichingerequipment.co.uk\/index.php\/wp-json\/wp\/v2\/product_brand?post=2668"},{"taxonomy":"product_cat","embeddable":true,"href":"https:\/\/eichingerequipment.co.uk\/index.php\/wp-json\/wp\/v2\/product_cat?post=2668"},{"taxonomy":"product_tag","embeddable":true,"href":"https:\/\/eichingerequipment.co.uk\/index.php\/wp-json\/wp\/v2\/product_tag?post=2668"}],"curies":[{"name":"wp","href":"https:\/\/api.w.org\/{rel}","templated":true}]}}